{"id":597,"date":"2018-02-26T13:36:10","date_gmt":"2018-05-21T10:46:04","guid":{"rendered":"https:\/\/www.jtcom.de\/?post_type=product&#038;p=597"},"modified":"2018-05-21T12:46:04","modified_gmt":"2018-05-21T10:46:04","slug":"telephoning","status":"publish","type":"product","link":"https:\/\/www.jtcom.de\/en\/timetable\/event\/telephoning\/","title":{"rendered":"Telephoning"},"content":{"rendered":"<p>This course is designed to train specific skills, phrases and strategies for successful telephoning in English.<\/p>\n<p>We will train conversations with suppliers, customers and business partners using simulated dialogues and relevant vocabulary.<\/p>\n<p>&nbsp;<\/p>\n<p><strong><u>Duration:<\/u><\/strong><\/p>\n<p>2-day seminar: Friday, Saturday<\/p>\n<ul>\n<li>Friday: 15.00-18:30<\/li>\n<li>Saturday: 10:00-15:30<\/li>\n<li>Or 6 appointments \u00e0 90 min.<\/li>\n<li>3- 10 participants<\/li>\n<\/ul>\n<p>&nbsp;<\/p>\n<p><strong><u>Price<\/u><\/strong><strong>:<\/strong><\/p>\n<p><strong>290 \u20ac<\/strong><\/p>\n","protected":false},"excerpt":{"rendered":"<p>This course is designed to train specific skills, phrases and strategies for successful telephoning in English. We will train conversations with suppliers, customers and business partners using simulated dialogues and relevant vocabulary. &nbsp; Duration: 2-day seminar: Friday, Saturday Friday: 15.00-18:30 Saturday: 10:00-15:30 Or 6 appointments \u00e0 90 min. 3- 10 participants &nbsp; Price: 290 \u20ac<\/p>\n","protected":false},"featured_media":236,"comment_status":"open","ping_status":"closed","template":"","meta":[],"product_brand":[],"product_cat":[37],"product_tag":[],"class_list":{"0":"post-597","1":"product","2":"type-product","3":"status-publish","4":"has-post-thumbnail","6":"product_cat-english-skills","8":"first","9":"instock","10":"virtual","11":"sold-individually","12":"purchasable","13":"product-type-simple"},"yoast_head":"<!-- This site is optimized with the Yoast SEO plugin v27.3 - https:\/\/yoast.com\/product\/yoast-seo-wordpress\/ -->\n<title>Telefongespr\u00e4che English Skills Sprachkurs - J.T.Com Sprachschule<\/title>\n<meta name=\"description\" content=\"Telefongespr\u00e4che English Skills Sprachkurs in Clausthal-Zellerfeld: vermittelt Redewendungen, Tipps und Strategien f\u00fcr erfolgreiche Telefonate auf Englisch.\" \/>\n<meta name=\"robots\" content=\"index, follow, max-snippet:-1, max-image-preview:large, max-video-preview:-1\" \/>\n<link rel=\"canonical\" href=\"https:\/\/www.jtcom.de\/en\/timetable\/event\/telephoning\/\" \/>\n<meta property=\"og:locale\" content=\"en_US\" \/>\n<meta property=\"og:type\" content=\"article\" \/>\n<meta property=\"og:title\" content=\"Telefongespr\u00e4che English Skills Sprachkurs - J.T.Com Sprachschule\" \/>\n<meta property=\"og:description\" content=\"Telefongespr\u00e4che English Skills Sprachkurs in Clausthal-Zellerfeld: vermittelt Redewendungen, Tipps und Strategien f\u00fcr erfolgreiche Telefonate auf Englisch.\" \/>\n<meta property=\"og:url\" content=\"https:\/\/www.jtcom.de\/en\/timetable\/event\/telephoning\/\" \/>\n<meta property=\"og:site_name\" content=\"Sprachschule in Clausthal-Zellerfeld\" \/>\n<meta property=\"og:image\" content=\"https:\/\/www.jtcom.de\/wp-content\/uploads\/2018\/02\/jt-kursi-en-telephoning.jpg\" \/>\n\t<meta property=\"og:image:width\" content=\"1920\" \/>\n\t<meta property=\"og:image:height\" content=\"1080\" \/>\n\t<meta property=\"og:image:type\" content=\"image\/jpeg\" \/>\n<meta name=\"twitter:card\" content=\"summary_large_image\" \/>\n<script type=\"application\/ld+json\" class=\"yoast-schema-graph\">{\"@context\":\"https:\\\/\\\/schema.org\",\"@graph\":[{\"@type\":\"WebPage\",\"@id\":\"https:\\\/\\\/www.jtcom.de\\\/en\\\/timetable\\\/event\\\/telephoning\\\/\",\"url\":\"https:\\\/\\\/www.jtcom.de\\\/en\\\/timetable\\\/event\\\/telephoning\\\/\",\"name\":\"Telefongespr\u00e4che English Skills Sprachkurs - J.T.Com Sprachschule\",\"isPartOf\":{\"@id\":\"https:\\\/\\\/www.jtcom.de\\\/en\\\/#website\"},\"primaryImageOfPage\":{\"@id\":\"https:\\\/\\\/www.jtcom.de\\\/en\\\/timetable\\\/event\\\/telephoning\\\/#primaryimage\"},\"image\":{\"@id\":\"https:\\\/\\\/www.jtcom.de\\\/en\\\/timetable\\\/event\\\/telephoning\\\/#primaryimage\"},\"thumbnailUrl\":\"https:\\\/\\\/www.jtcom.de\\\/wp-content\\\/uploads\\\/2018\\\/02\\\/jt-kursi-en-telephoning.jpg\",\"datePublished\":\"2018-05-21T10:46:04+00:00\",\"description\":\"Telefongespr\u00e4che English Skills Sprachkurs in Clausthal-Zellerfeld: vermittelt Redewendungen, Tipps und Strategien f\u00fcr erfolgreiche Telefonate auf Englisch.\",\"breadcrumb\":{\"@id\":\"https:\\\/\\\/www.jtcom.de\\\/en\\\/timetable\\\/event\\\/telephoning\\\/#breadcrumb\"},\"inLanguage\":\"en-US\",\"potentialAction\":[{\"@type\":\"ReadAction\",\"target\":[\"https:\\\/\\\/www.jtcom.de\\\/en\\\/timetable\\\/event\\\/telephoning\\\/\"]}]},{\"@type\":\"ImageObject\",\"inLanguage\":\"en-US\",\"@id\":\"https:\\\/\\\/www.jtcom.de\\\/en\\\/timetable\\\/event\\\/telephoning\\\/#primaryimage\",\"url\":\"https:\\\/\\\/www.jtcom.de\\\/wp-content\\\/uploads\\\/2018\\\/02\\\/jt-kursi-en-telephoning.jpg\",\"contentUrl\":\"https:\\\/\\\/www.jtcom.de\\\/wp-content\\\/uploads\\\/2018\\\/02\\\/jt-kursi-en-telephoning.jpg\",\"width\":1920,\"height\":1080,\"caption\":\"Telefongespr\u00e4che English Skills Sprachkurs in Clausthal-Zellerfeld\"},{\"@type\":\"BreadcrumbList\",\"@id\":\"https:\\\/\\\/www.jtcom.de\\\/en\\\/timetable\\\/event\\\/telephoning\\\/#breadcrumb\",\"itemListElement\":[{\"@type\":\"ListItem\",\"position\":1,\"name\":\"Startseite\",\"item\":\"https:\\\/\\\/www.jtcom.de\\\/en\\\/\"},{\"@type\":\"ListItem\",\"position\":2,\"name\":\"Shop\",\"item\":\"https:\\\/\\\/www.jtcom.de\\\/en\\\/shop\\\/\"},{\"@type\":\"ListItem\",\"position\":3,\"name\":\"Telephoning\"}]},{\"@type\":\"WebSite\",\"@id\":\"https:\\\/\\\/www.jtcom.de\\\/en\\\/#website\",\"url\":\"https:\\\/\\\/www.jtcom.de\\\/en\\\/\",\"name\":\"Sprachschule in Clausthal-Zellerfeld\",\"description\":\"JTcom Sprachschule Clausthal-Zellerfeld. Deutsch, Englisch, intensiv in Minigruppen, individuell und online.\",\"potentialAction\":[{\"@type\":\"SearchAction\",\"target\":{\"@type\":\"EntryPoint\",\"urlTemplate\":\"https:\\\/\\\/www.jtcom.de\\\/en\\\/?s={search_term_string}\"},\"query-input\":{\"@type\":\"PropertyValueSpecification\",\"valueRequired\":true,\"valueName\":\"search_term_string\"}}],\"inLanguage\":\"en-US\"}]}<\/script>\n<!-- \/ Yoast SEO plugin. -->","yoast_head_json":{"title":"Telefongespr\u00e4che English Skills Sprachkurs - J.T.Com Sprachschule","description":"Telefongespr\u00e4che English Skills Sprachkurs in Clausthal-Zellerfeld: vermittelt Redewendungen, Tipps und Strategien f\u00fcr erfolgreiche Telefonate auf Englisch.","robots":{"index":"index","follow":"follow","max-snippet":"max-snippet:-1","max-image-preview":"max-image-preview:large","max-video-preview":"max-video-preview:-1"},"canonical":"https:\/\/www.jtcom.de\/en\/timetable\/event\/telephoning\/","og_locale":"en_US","og_type":"article","og_title":"Telefongespr\u00e4che English Skills Sprachkurs - J.T.Com Sprachschule","og_description":"Telefongespr\u00e4che English Skills Sprachkurs in Clausthal-Zellerfeld: vermittelt Redewendungen, Tipps und Strategien f\u00fcr erfolgreiche Telefonate auf Englisch.","og_url":"https:\/\/www.jtcom.de\/en\/timetable\/event\/telephoning\/","og_site_name":"Sprachschule in Clausthal-Zellerfeld","og_image":[{"width":1920,"height":1080,"url":"https:\/\/www.jtcom.de\/wp-content\/uploads\/2018\/02\/jt-kursi-en-telephoning.jpg","type":"image\/jpeg"}],"twitter_card":"summary_large_image","schema":{"@context":"https:\/\/schema.org","@graph":[{"@type":"WebPage","@id":"https:\/\/www.jtcom.de\/en\/timetable\/event\/telephoning\/","url":"https:\/\/www.jtcom.de\/en\/timetable\/event\/telephoning\/","name":"Telefongespr\u00e4che English Skills Sprachkurs - J.T.Com Sprachschule","isPartOf":{"@id":"https:\/\/www.jtcom.de\/en\/#website"},"primaryImageOfPage":{"@id":"https:\/\/www.jtcom.de\/en\/timetable\/event\/telephoning\/#primaryimage"},"image":{"@id":"https:\/\/www.jtcom.de\/en\/timetable\/event\/telephoning\/#primaryimage"},"thumbnailUrl":"https:\/\/www.jtcom.de\/wp-content\/uploads\/2018\/02\/jt-kursi-en-telephoning.jpg","datePublished":"2018-05-21T10:46:04+00:00","description":"Telefongespr\u00e4che English Skills Sprachkurs in Clausthal-Zellerfeld: vermittelt Redewendungen, Tipps und Strategien f\u00fcr erfolgreiche Telefonate auf Englisch.","breadcrumb":{"@id":"https:\/\/www.jtcom.de\/en\/timetable\/event\/telephoning\/#breadcrumb"},"inLanguage":"en-US","potentialAction":[{"@type":"ReadAction","target":["https:\/\/www.jtcom.de\/en\/timetable\/event\/telephoning\/"]}]},{"@type":"ImageObject","inLanguage":"en-US","@id":"https:\/\/www.jtcom.de\/en\/timetable\/event\/telephoning\/#primaryimage","url":"https:\/\/www.jtcom.de\/wp-content\/uploads\/2018\/02\/jt-kursi-en-telephoning.jpg","contentUrl":"https:\/\/www.jtcom.de\/wp-content\/uploads\/2018\/02\/jt-kursi-en-telephoning.jpg","width":1920,"height":1080,"caption":"Telefongespr\u00e4che English Skills Sprachkurs in Clausthal-Zellerfeld"},{"@type":"BreadcrumbList","@id":"https:\/\/www.jtcom.de\/en\/timetable\/event\/telephoning\/#breadcrumb","itemListElement":[{"@type":"ListItem","position":1,"name":"Startseite","item":"https:\/\/www.jtcom.de\/en\/"},{"@type":"ListItem","position":2,"name":"Shop","item":"https:\/\/www.jtcom.de\/en\/shop\/"},{"@type":"ListItem","position":3,"name":"Telephoning"}]},{"@type":"WebSite","@id":"https:\/\/www.jtcom.de\/en\/#website","url":"https:\/\/www.jtcom.de\/en\/","name":"Sprachschule in Clausthal-Zellerfeld","description":"JTcom Sprachschule Clausthal-Zellerfeld. Deutsch, Englisch, intensiv in Minigruppen, individuell und online.","potentialAction":[{"@type":"SearchAction","target":{"@type":"EntryPoint","urlTemplate":"https:\/\/www.jtcom.de\/en\/?s={search_term_string}"},"query-input":{"@type":"PropertyValueSpecification","valueRequired":true,"valueName":"search_term_string"}}],"inLanguage":"en-US"}]}},"_links":{"self":[{"href":"https:\/\/www.jtcom.de\/en\/wp-json\/wp\/v2\/product\/597","targetHints":{"allow":["GET"]}}],"collection":[{"href":"https:\/\/www.jtcom.de\/en\/wp-json\/wp\/v2\/product"}],"about":[{"href":"https:\/\/www.jtcom.de\/en\/wp-json\/wp\/v2\/types\/product"}],"replies":[{"embeddable":true,"href":"https:\/\/www.jtcom.de\/en\/wp-json\/wp\/v2\/comments?post=597"}],"wp:featuredmedia":[{"embeddable":true,"href":"https:\/\/www.jtcom.de\/en\/wp-json\/wp\/v2\/media\/236"}],"wp:attachment":[{"href":"https:\/\/www.jtcom.de\/en\/wp-json\/wp\/v2\/media?parent=597"}],"wp:term":[{"taxonomy":"product_brand","embeddable":true,"href":"https:\/\/www.jtcom.de\/en\/wp-json\/wp\/v2\/product_brand?post=597"},{"taxonomy":"product_cat","embeddable":true,"href":"https:\/\/www.jtcom.de\/en\/wp-json\/wp\/v2\/product_cat?post=597"},{"taxonomy":"product_tag","embeddable":true,"href":"https:\/\/www.jtcom.de\/en\/wp-json\/wp\/v2\/product_tag?post=597"}],"curies":[{"name":"wp","href":"https:\/\/api.w.org\/{rel}","templated":true}]}}