{"id":544,"date":"2018-05-19T20:29:02","date_gmt":"2018-05-19T18:30:28","guid":{"rendered":"https:\/\/www.jtcom.de\/?post_type=product&#038;p=544"},"modified":"2018-05-21T12:25:02","modified_gmt":"2018-05-21T10:25:02","slug":"lost-in-bureaucratic-german","status":"publish","type":"product","link":"https:\/\/www.jtcom.de\/en\/timetable\/event\/lost-in-bureaucratic-german\/","title":{"rendered":"Lost in Bureaucratic German"},"content":{"rendered":"<p>This course is dedicated to the phenomenon of \u201cBureaucratic German\u201d. Together we will analyse letters from official bodies and authorities, train how to write answers and understand legal language of the official in personal talks.<\/p>\n<p>&nbsp;<\/p>\n<p><strong><u>Some of the topics covered<\/u><\/strong>:<\/p>\n<ul>\n<li>Application forms<\/li>\n<li>Registrationforms<\/li>\n<li>Cancellations<\/li>\n<li>Change of registration<\/li>\n<li>Foreign Affairs<\/li>\n<li>Reminders<\/li>\n<\/ul>\n<p>Etc.<\/p>\n<p>&nbsp;<\/p>\n<p><strong><u>Duration:<\/u><\/strong><\/p>\n<p>10 lessons \u00e0 60 min<\/p>\n<p>&nbsp;<\/p>\n<p><strong><u>Target:<\/u><\/strong> to be able to understand forms and applications and write formal letters<\/p>\n<p>&nbsp;<\/p>\n<p><strong><u>Levels:<\/u><\/strong> A2-B1<\/p>\n<p>&nbsp;<\/p>\n<p><strong><u>Price<\/u><\/strong><strong><u>:<\/u><\/strong><\/p>\n<p><strong>200 \u20ac <\/strong>(mini-group)<strong><br \/>\n440 \u20ac <\/strong>(individual lessons)<\/p>\n","protected":false},"excerpt":{"rendered":"<p>10 lessons \u00e0 60 min<br \/>\nTarget: to be able to understand forms and applications and write formal letters<br \/>\nLevels: A2-B1<\/p>\n<p><strong>200 \u20ac<\/strong> (Mini-Gruppe)<br \/>\n<strong>440 \u20ac<\/strong> (Einzeltraining)<\/p>\n","protected":false},"featured_media":3650,"comment_status":"open","ping_status":"closed","template":"","meta":[],"product_brand":[],"product_cat":[35],"product_tag":[],"class_list":{"0":"post-544","1":"product","2":"type-product","3":"status-publish","4":"has-post-thumbnail","6":"product_cat-german-courses-for-integration-hannover","8":"first","9":"instock","10":"sold-individually","11":"shipping-taxable","12":"purchasable","13":"product-type-variable"},"yoast_head":"<!-- This site is optimized with the Yoast SEO plugin v27.3 - https:\/\/yoast.com\/product\/yoast-seo-wordpress\/ -->\n<title>Deutsch f\u00fcr \u00c4mter und Beh\u00f6rden - J.T.Com Sprachschule Clausthal-Zellerfeld<\/title>\n<meta name=\"description\" content=\"Deutsch f\u00fcr \u00c4mter und Beh\u00f6rden - Kommunikation mit Mitarbeitern von \u00c4mtern und Beh\u00f6rden. Deutch als Fremdsprache f\u00fcr Integration.\" \/>\n<meta name=\"robots\" content=\"index, follow, max-snippet:-1, max-image-preview:large, max-video-preview:-1\" \/>\n<link rel=\"canonical\" href=\"https:\/\/www.jtcom.de\/en\/timetable\/event\/lost-in-bureaucratic-german\/\" \/>\n<meta property=\"og:locale\" content=\"en_US\" \/>\n<meta property=\"og:type\" content=\"article\" \/>\n<meta property=\"og:title\" content=\"Deutsch f\u00fcr \u00c4mter und Beh\u00f6rden - J.T.Com Sprachschule Clausthal-Zellerfeld\" \/>\n<meta property=\"og:description\" content=\"Deutsch f\u00fcr \u00c4mter und Beh\u00f6rden - Kommunikation mit Mitarbeitern von \u00c4mtern und Beh\u00f6rden. Deutch als Fremdsprache f\u00fcr Integration.\" \/>\n<meta property=\"og:url\" content=\"https:\/\/www.jtcom.de\/en\/timetable\/event\/lost-in-bureaucratic-german\/\" \/>\n<meta property=\"og:site_name\" content=\"Sprachschule in Clausthal-Zellerfeld\" \/>\n<meta property=\"article:modified_time\" content=\"2018-05-21T10:25:02+00:00\" \/>\n<meta property=\"og:image\" content=\"https:\/\/www.jtcom.de\/wp-content\/uploads\/2018\/05\/jt-kursi-de-Deutsch-f_r-_mter-und-Beh_rden.jpg\" \/>\n\t<meta property=\"og:image:width\" content=\"1920\" \/>\n\t<meta property=\"og:image:height\" content=\"1080\" \/>\n\t<meta property=\"og:image:type\" content=\"image\/jpeg\" \/>\n<meta name=\"twitter:card\" content=\"summary_large_image\" \/>\n<script type=\"application\/ld+json\" class=\"yoast-schema-graph\">{\"@context\":\"https:\\\/\\\/schema.org\",\"@graph\":[{\"@type\":\"WebPage\",\"@id\":\"https:\\\/\\\/www.jtcom.de\\\/en\\\/timetable\\\/event\\\/lost-in-bureaucratic-german\\\/\",\"url\":\"https:\\\/\\\/www.jtcom.de\\\/en\\\/timetable\\\/event\\\/lost-in-bureaucratic-german\\\/\",\"name\":\"Deutsch f\u00fcr \u00c4mter und Beh\u00f6rden - J.T.Com Sprachschule Clausthal-Zellerfeld\",\"isPartOf\":{\"@id\":\"https:\\\/\\\/www.jtcom.de\\\/en\\\/#website\"},\"primaryImageOfPage\":{\"@id\":\"https:\\\/\\\/www.jtcom.de\\\/en\\\/timetable\\\/event\\\/lost-in-bureaucratic-german\\\/#primaryimage\"},\"image\":{\"@id\":\"https:\\\/\\\/www.jtcom.de\\\/en\\\/timetable\\\/event\\\/lost-in-bureaucratic-german\\\/#primaryimage\"},\"thumbnailUrl\":\"https:\\\/\\\/www.jtcom.de\\\/wp-content\\\/uploads\\\/2018\\\/05\\\/jt-kursi-de-Deutsch-f_r-_mter-und-Beh_rden.jpg\",\"datePublished\":\"2018-05-19T18:30:28+00:00\",\"dateModified\":\"2018-05-21T10:25:02+00:00\",\"description\":\"Deutsch f\u00fcr \u00c4mter und Beh\u00f6rden - Kommunikation mit Mitarbeitern von \u00c4mtern und Beh\u00f6rden. Deutch als Fremdsprache f\u00fcr Integration.\",\"breadcrumb\":{\"@id\":\"https:\\\/\\\/www.jtcom.de\\\/en\\\/timetable\\\/event\\\/lost-in-bureaucratic-german\\\/#breadcrumb\"},\"inLanguage\":\"en-US\",\"potentialAction\":[{\"@type\":\"ReadAction\",\"target\":[\"https:\\\/\\\/www.jtcom.de\\\/en\\\/timetable\\\/event\\\/lost-in-bureaucratic-german\\\/\"]}]},{\"@type\":\"ImageObject\",\"inLanguage\":\"en-US\",\"@id\":\"https:\\\/\\\/www.jtcom.de\\\/en\\\/timetable\\\/event\\\/lost-in-bureaucratic-german\\\/#primaryimage\",\"url\":\"https:\\\/\\\/www.jtcom.de\\\/wp-content\\\/uploads\\\/2018\\\/05\\\/jt-kursi-de-Deutsch-f_r-_mter-und-Beh_rden.jpg\",\"contentUrl\":\"https:\\\/\\\/www.jtcom.de\\\/wp-content\\\/uploads\\\/2018\\\/05\\\/jt-kursi-de-Deutsch-f_r-_mter-und-Beh_rden.jpg\",\"width\":1920,\"height\":1080,\"caption\":\"Deutsch f\u00fcr \u00c4mter und Beh\u00f6rden\"},{\"@type\":\"BreadcrumbList\",\"@id\":\"https:\\\/\\\/www.jtcom.de\\\/en\\\/timetable\\\/event\\\/lost-in-bureaucratic-german\\\/#breadcrumb\",\"itemListElement\":[{\"@type\":\"ListItem\",\"position\":1,\"name\":\"Startseite\",\"item\":\"https:\\\/\\\/www.jtcom.de\\\/en\\\/\"},{\"@type\":\"ListItem\",\"position\":2,\"name\":\"Shop\",\"item\":\"https:\\\/\\\/www.jtcom.de\\\/en\\\/shop\\\/\"},{\"@type\":\"ListItem\",\"position\":3,\"name\":\"Lost in Bureaucratic German\"}]},{\"@type\":\"WebSite\",\"@id\":\"https:\\\/\\\/www.jtcom.de\\\/en\\\/#website\",\"url\":\"https:\\\/\\\/www.jtcom.de\\\/en\\\/\",\"name\":\"Sprachschule in Clausthal-Zellerfeld\",\"description\":\"JTcom Sprachschule Clausthal-Zellerfeld. Deutsch, Englisch, intensiv in Minigruppen, individuell und online.\",\"potentialAction\":[{\"@type\":\"SearchAction\",\"target\":{\"@type\":\"EntryPoint\",\"urlTemplate\":\"https:\\\/\\\/www.jtcom.de\\\/en\\\/?s={search_term_string}\"},\"query-input\":{\"@type\":\"PropertyValueSpecification\",\"valueRequired\":true,\"valueName\":\"search_term_string\"}}],\"inLanguage\":\"en-US\"}]}<\/script>\n<!-- \/ Yoast SEO plugin. -->","yoast_head_json":{"title":"Deutsch f\u00fcr \u00c4mter und Beh\u00f6rden - J.T.Com Sprachschule Clausthal-Zellerfeld","description":"Deutsch f\u00fcr \u00c4mter und Beh\u00f6rden - Kommunikation mit Mitarbeitern von \u00c4mtern und Beh\u00f6rden. Deutch als Fremdsprache f\u00fcr Integration.","robots":{"index":"index","follow":"follow","max-snippet":"max-snippet:-1","max-image-preview":"max-image-preview:large","max-video-preview":"max-video-preview:-1"},"canonical":"https:\/\/www.jtcom.de\/en\/timetable\/event\/lost-in-bureaucratic-german\/","og_locale":"en_US","og_type":"article","og_title":"Deutsch f\u00fcr \u00c4mter und Beh\u00f6rden - J.T.Com Sprachschule Clausthal-Zellerfeld","og_description":"Deutsch f\u00fcr \u00c4mter und Beh\u00f6rden - Kommunikation mit Mitarbeitern von \u00c4mtern und Beh\u00f6rden. Deutch als Fremdsprache f\u00fcr Integration.","og_url":"https:\/\/www.jtcom.de\/en\/timetable\/event\/lost-in-bureaucratic-german\/","og_site_name":"Sprachschule in Clausthal-Zellerfeld","article_modified_time":"2018-05-21T10:25:02+00:00","og_image":[{"width":1920,"height":1080,"url":"https:\/\/www.jtcom.de\/wp-content\/uploads\/2018\/05\/jt-kursi-de-Deutsch-f_r-_mter-und-Beh_rden.jpg","type":"image\/jpeg"}],"twitter_card":"summary_large_image","schema":{"@context":"https:\/\/schema.org","@graph":[{"@type":"WebPage","@id":"https:\/\/www.jtcom.de\/en\/timetable\/event\/lost-in-bureaucratic-german\/","url":"https:\/\/www.jtcom.de\/en\/timetable\/event\/lost-in-bureaucratic-german\/","name":"Deutsch f\u00fcr \u00c4mter und Beh\u00f6rden - J.T.Com Sprachschule Clausthal-Zellerfeld","isPartOf":{"@id":"https:\/\/www.jtcom.de\/en\/#website"},"primaryImageOfPage":{"@id":"https:\/\/www.jtcom.de\/en\/timetable\/event\/lost-in-bureaucratic-german\/#primaryimage"},"image":{"@id":"https:\/\/www.jtcom.de\/en\/timetable\/event\/lost-in-bureaucratic-german\/#primaryimage"},"thumbnailUrl":"https:\/\/www.jtcom.de\/wp-content\/uploads\/2018\/05\/jt-kursi-de-Deutsch-f_r-_mter-und-Beh_rden.jpg","datePublished":"2018-05-19T18:30:28+00:00","dateModified":"2018-05-21T10:25:02+00:00","description":"Deutsch f\u00fcr \u00c4mter und Beh\u00f6rden - Kommunikation mit Mitarbeitern von \u00c4mtern und Beh\u00f6rden. Deutch als Fremdsprache f\u00fcr Integration.","breadcrumb":{"@id":"https:\/\/www.jtcom.de\/en\/timetable\/event\/lost-in-bureaucratic-german\/#breadcrumb"},"inLanguage":"en-US","potentialAction":[{"@type":"ReadAction","target":["https:\/\/www.jtcom.de\/en\/timetable\/event\/lost-in-bureaucratic-german\/"]}]},{"@type":"ImageObject","inLanguage":"en-US","@id":"https:\/\/www.jtcom.de\/en\/timetable\/event\/lost-in-bureaucratic-german\/#primaryimage","url":"https:\/\/www.jtcom.de\/wp-content\/uploads\/2018\/05\/jt-kursi-de-Deutsch-f_r-_mter-und-Beh_rden.jpg","contentUrl":"https:\/\/www.jtcom.de\/wp-content\/uploads\/2018\/05\/jt-kursi-de-Deutsch-f_r-_mter-und-Beh_rden.jpg","width":1920,"height":1080,"caption":"Deutsch f\u00fcr \u00c4mter und Beh\u00f6rden"},{"@type":"BreadcrumbList","@id":"https:\/\/www.jtcom.de\/en\/timetable\/event\/lost-in-bureaucratic-german\/#breadcrumb","itemListElement":[{"@type":"ListItem","position":1,"name":"Startseite","item":"https:\/\/www.jtcom.de\/en\/"},{"@type":"ListItem","position":2,"name":"Shop","item":"https:\/\/www.jtcom.de\/en\/shop\/"},{"@type":"ListItem","position":3,"name":"Lost in Bureaucratic German"}]},{"@type":"WebSite","@id":"https:\/\/www.jtcom.de\/en\/#website","url":"https:\/\/www.jtcom.de\/en\/","name":"Sprachschule in Clausthal-Zellerfeld","description":"JTcom Sprachschule Clausthal-Zellerfeld. Deutsch, Englisch, intensiv in Minigruppen, individuell und online.","potentialAction":[{"@type":"SearchAction","target":{"@type":"EntryPoint","urlTemplate":"https:\/\/www.jtcom.de\/en\/?s={search_term_string}"},"query-input":{"@type":"PropertyValueSpecification","valueRequired":true,"valueName":"search_term_string"}}],"inLanguage":"en-US"}]}},"_links":{"self":[{"href":"https:\/\/www.jtcom.de\/en\/wp-json\/wp\/v2\/product\/544","targetHints":{"allow":["GET"]}}],"collection":[{"href":"https:\/\/www.jtcom.de\/en\/wp-json\/wp\/v2\/product"}],"about":[{"href":"https:\/\/www.jtcom.de\/en\/wp-json\/wp\/v2\/types\/product"}],"replies":[{"embeddable":true,"href":"https:\/\/www.jtcom.de\/en\/wp-json\/wp\/v2\/comments?post=544"}],"wp:featuredmedia":[{"embeddable":true,"href":"https:\/\/www.jtcom.de\/en\/wp-json\/wp\/v2\/media\/3650"}],"wp:attachment":[{"href":"https:\/\/www.jtcom.de\/en\/wp-json\/wp\/v2\/media?parent=544"}],"wp:term":[{"taxonomy":"product_brand","embeddable":true,"href":"https:\/\/www.jtcom.de\/en\/wp-json\/wp\/v2\/product_brand?post=544"},{"taxonomy":"product_cat","embeddable":true,"href":"https:\/\/www.jtcom.de\/en\/wp-json\/wp\/v2\/product_cat?post=544"},{"taxonomy":"product_tag","embeddable":true,"href":"https:\/\/www.jtcom.de\/en\/wp-json\/wp\/v2\/product_tag?post=544"}],"curies":[{"name":"wp","href":"https:\/\/api.w.org\/{rel}","templated":true}]}}