{"id":517,"date":"2018-05-19T19:21:14","date_gmt":"2018-05-19T17:23:05","guid":{"rendered":"https:\/\/www.jtcom.de\/?post_type=product&#038;p=517"},"modified":"2018-07-07T17:08:33","modified_gmt":"2018-07-07T15:08:33","slug":"german-for-au-pair","status":"publish","type":"product","link":"https:\/\/www.jtcom.de\/en\/timetable\/event\/german-for-au-pair\/","title":{"rendered":"German for Au-Pair"},"content":{"rendered":"<p>Are you planning to take part in the Au-Pair programme and would like to prepare yourself in advance? Or are you already in Germany and would like to complete a language course?<\/p>\n<p>We have designed this course especially for the needs of Au-Pair programme participants.<\/p>\n<p>We make emphasis mainly on speaking and refreshing of grammar.<\/p>\n<p>Depending on requirements, we expand our topics and grammar themes.<\/p>\n<p>&nbsp;<\/p>\n<p><strong><u>Duration:<\/u><\/strong><\/p>\n<p>10 lessons \u00e1 60min<\/p>\n<p>mini-group or<\/p>\n<p>individual lessons<\/p>\n<p>&nbsp;<\/p>\n<p><strong><u>Target:<\/u><\/strong><\/p>\n<p>confident communication in daily life and with family members.<\/p>\n<p>&nbsp;<\/p>\n<p><strong><u>Price:<\/u><\/strong><\/p>\n<p><strong>380\u20ac <\/strong>(in mini-group)<\/p>\n<p><strong>880\u20ac<\/strong> (individual lessons)<\/p>\n<p><strong>240\u20ac <\/strong>online (mini-group)<\/p>\n<p><strong>480\u20ac<\/strong> online (individual lessons)<\/p>\n","protected":false},"excerpt":{"rendered":"<p>Mini-groups or individual lessons<br \/>\n10 lessons \u00e0 60 min<br \/>\nTarget: confident communication in daily life and in the family<\/p>\n<p><strong>380 \u20ac<\/strong> (mini-group)<br \/>\n<strong>880 \u20ac<\/strong> (individually)<\/p>\n<p><strong>240 \u20ac<\/strong> online (mini-group)<br \/>\n<strong>480 \u20ac<\/strong> online (individually)<\/p>\n","protected":false},"featured_media":712,"comment_status":"open","ping_status":"closed","template":"","meta":[],"product_brand":[],"product_cat":[113],"product_tag":[],"class_list":{"0":"post-517","1":"product","2":"type-product","3":"status-publish","4":"has-post-thumbnail","6":"product_cat-german-part-time-course","8":"first","9":"instock","10":"sold-individually","11":"shipping-taxable","12":"purchasable","13":"product-type-variable"},"yoast_head":"<!-- This site is optimized with the Yoast SEO plugin v27.3 - https:\/\/yoast.com\/product\/yoast-seo-wordpress\/ -->\n<title>Deutsch f\u00fcr Au-Pair -J.T.Com Sprachschule Clausthal-Zellerfeld<\/title>\n<meta name=\"description\" content=\"Deutsch f\u00fcr Au-Pair: sichere Kommunikation im Alltag und in der Familie. Mini-Gruppen oder Einzelunterricht. 20 Termine \u00e0 60 min. Ab 220 \u20ac.\" \/>\n<meta name=\"robots\" content=\"index, follow, max-snippet:-1, max-image-preview:large, max-video-preview:-1\" \/>\n<link rel=\"canonical\" href=\"https:\/\/www.jtcom.de\/en\/timetable\/event\/german-for-au-pair\/\" \/>\n<meta property=\"og:locale\" content=\"en_US\" \/>\n<meta property=\"og:type\" content=\"article\" \/>\n<meta property=\"og:title\" content=\"Deutsch f\u00fcr Au-Pair -J.T.Com Sprachschule Clausthal-Zellerfeld\" \/>\n<meta property=\"og:description\" content=\"Deutsch f\u00fcr Au-Pair: sichere Kommunikation im Alltag und in der Familie. Mini-Gruppen oder Einzelunterricht. 20 Termine \u00e0 60 min. Ab 220 \u20ac.\" \/>\n<meta property=\"og:url\" content=\"https:\/\/www.jtcom.de\/en\/timetable\/event\/german-for-au-pair\/\" \/>\n<meta property=\"og:site_name\" content=\"Sprachschule in Clausthal-Zellerfeld\" \/>\n<meta property=\"article:modified_time\" content=\"2018-07-07T15:08:33+00:00\" \/>\n<meta property=\"og:image\" content=\"https:\/\/www.jtcom.de\/wp-content\/uploads\/2018\/05\/jt-kursi-de-aupair-1.jpg\" \/>\n\t<meta property=\"og:image:width\" content=\"1920\" \/>\n\t<meta property=\"og:image:height\" content=\"1080\" \/>\n\t<meta property=\"og:image:type\" content=\"image\/jpeg\" \/>\n<meta name=\"twitter:card\" content=\"summary_large_image\" \/>\n<script type=\"application\/ld+json\" class=\"yoast-schema-graph\">{\"@context\":\"https:\\\/\\\/schema.org\",\"@graph\":[{\"@type\":\"WebPage\",\"@id\":\"https:\\\/\\\/www.jtcom.de\\\/en\\\/timetable\\\/event\\\/german-for-au-pair\\\/\",\"url\":\"https:\\\/\\\/www.jtcom.de\\\/en\\\/timetable\\\/event\\\/german-for-au-pair\\\/\",\"name\":\"Deutsch f\u00fcr Au-Pair -J.T.Com Sprachschule Clausthal-Zellerfeld\",\"isPartOf\":{\"@id\":\"https:\\\/\\\/www.jtcom.de\\\/en\\\/#website\"},\"primaryImageOfPage\":{\"@id\":\"https:\\\/\\\/www.jtcom.de\\\/en\\\/timetable\\\/event\\\/german-for-au-pair\\\/#primaryimage\"},\"image\":{\"@id\":\"https:\\\/\\\/www.jtcom.de\\\/en\\\/timetable\\\/event\\\/german-for-au-pair\\\/#primaryimage\"},\"thumbnailUrl\":\"https:\\\/\\\/www.jtcom.de\\\/wp-content\\\/uploads\\\/2018\\\/05\\\/jt-kursi-de-aupair-1.jpg\",\"datePublished\":\"2018-05-19T17:23:05+00:00\",\"dateModified\":\"2018-07-07T15:08:33+00:00\",\"description\":\"Deutsch f\u00fcr Au-Pair: sichere Kommunikation im Alltag und in der Familie. Mini-Gruppen oder Einzelunterricht. 20 Termine \u00e0 60 min. Ab 220 \u20ac.\",\"breadcrumb\":{\"@id\":\"https:\\\/\\\/www.jtcom.de\\\/en\\\/timetable\\\/event\\\/german-for-au-pair\\\/#breadcrumb\"},\"inLanguage\":\"en-US\",\"potentialAction\":[{\"@type\":\"ReadAction\",\"target\":[\"https:\\\/\\\/www.jtcom.de\\\/en\\\/timetable\\\/event\\\/german-for-au-pair\\\/\"]}]},{\"@type\":\"ImageObject\",\"inLanguage\":\"en-US\",\"@id\":\"https:\\\/\\\/www.jtcom.de\\\/en\\\/timetable\\\/event\\\/german-for-au-pair\\\/#primaryimage\",\"url\":\"https:\\\/\\\/www.jtcom.de\\\/wp-content\\\/uploads\\\/2018\\\/05\\\/jt-kursi-de-aupair-1.jpg\",\"contentUrl\":\"https:\\\/\\\/www.jtcom.de\\\/wp-content\\\/uploads\\\/2018\\\/05\\\/jt-kursi-de-aupair-1.jpg\",\"width\":1920,\"height\":1080,\"caption\":\"Deutsch f\u00fcr Au-Pair\"},{\"@type\":\"BreadcrumbList\",\"@id\":\"https:\\\/\\\/www.jtcom.de\\\/en\\\/timetable\\\/event\\\/german-for-au-pair\\\/#breadcrumb\",\"itemListElement\":[{\"@type\":\"ListItem\",\"position\":1,\"name\":\"Startseite\",\"item\":\"https:\\\/\\\/www.jtcom.de\\\/en\\\/\"},{\"@type\":\"ListItem\",\"position\":2,\"name\":\"Shop\",\"item\":\"https:\\\/\\\/www.jtcom.de\\\/en\\\/shop\\\/\"},{\"@type\":\"ListItem\",\"position\":3,\"name\":\"German for Au-Pair\"}]},{\"@type\":\"WebSite\",\"@id\":\"https:\\\/\\\/www.jtcom.de\\\/en\\\/#website\",\"url\":\"https:\\\/\\\/www.jtcom.de\\\/en\\\/\",\"name\":\"Sprachschule in Clausthal-Zellerfeld\",\"description\":\"JTcom Sprachschule Clausthal-Zellerfeld. Deutsch, Englisch, intensiv in Minigruppen, individuell und online.\",\"potentialAction\":[{\"@type\":\"SearchAction\",\"target\":{\"@type\":\"EntryPoint\",\"urlTemplate\":\"https:\\\/\\\/www.jtcom.de\\\/en\\\/?s={search_term_string}\"},\"query-input\":{\"@type\":\"PropertyValueSpecification\",\"valueRequired\":true,\"valueName\":\"search_term_string\"}}],\"inLanguage\":\"en-US\"}]}<\/script>\n<!-- \/ Yoast SEO plugin. -->","yoast_head_json":{"title":"Deutsch f\u00fcr Au-Pair -J.T.Com Sprachschule Clausthal-Zellerfeld","description":"Deutsch f\u00fcr Au-Pair: sichere Kommunikation im Alltag und in der Familie. Mini-Gruppen oder Einzelunterricht. 20 Termine \u00e0 60 min. Ab 220 \u20ac.","robots":{"index":"index","follow":"follow","max-snippet":"max-snippet:-1","max-image-preview":"max-image-preview:large","max-video-preview":"max-video-preview:-1"},"canonical":"https:\/\/www.jtcom.de\/en\/timetable\/event\/german-for-au-pair\/","og_locale":"en_US","og_type":"article","og_title":"Deutsch f\u00fcr Au-Pair -J.T.Com Sprachschule Clausthal-Zellerfeld","og_description":"Deutsch f\u00fcr Au-Pair: sichere Kommunikation im Alltag und in der Familie. Mini-Gruppen oder Einzelunterricht. 20 Termine \u00e0 60 min. Ab 220 \u20ac.","og_url":"https:\/\/www.jtcom.de\/en\/timetable\/event\/german-for-au-pair\/","og_site_name":"Sprachschule in Clausthal-Zellerfeld","article_modified_time":"2018-07-07T15:08:33+00:00","og_image":[{"width":1920,"height":1080,"url":"https:\/\/www.jtcom.de\/wp-content\/uploads\/2018\/05\/jt-kursi-de-aupair-1.jpg","type":"image\/jpeg"}],"twitter_card":"summary_large_image","schema":{"@context":"https:\/\/schema.org","@graph":[{"@type":"WebPage","@id":"https:\/\/www.jtcom.de\/en\/timetable\/event\/german-for-au-pair\/","url":"https:\/\/www.jtcom.de\/en\/timetable\/event\/german-for-au-pair\/","name":"Deutsch f\u00fcr Au-Pair -J.T.Com Sprachschule Clausthal-Zellerfeld","isPartOf":{"@id":"https:\/\/www.jtcom.de\/en\/#website"},"primaryImageOfPage":{"@id":"https:\/\/www.jtcom.de\/en\/timetable\/event\/german-for-au-pair\/#primaryimage"},"image":{"@id":"https:\/\/www.jtcom.de\/en\/timetable\/event\/german-for-au-pair\/#primaryimage"},"thumbnailUrl":"https:\/\/www.jtcom.de\/wp-content\/uploads\/2018\/05\/jt-kursi-de-aupair-1.jpg","datePublished":"2018-05-19T17:23:05+00:00","dateModified":"2018-07-07T15:08:33+00:00","description":"Deutsch f\u00fcr Au-Pair: sichere Kommunikation im Alltag und in der Familie. Mini-Gruppen oder Einzelunterricht. 20 Termine \u00e0 60 min. Ab 220 \u20ac.","breadcrumb":{"@id":"https:\/\/www.jtcom.de\/en\/timetable\/event\/german-for-au-pair\/#breadcrumb"},"inLanguage":"en-US","potentialAction":[{"@type":"ReadAction","target":["https:\/\/www.jtcom.de\/en\/timetable\/event\/german-for-au-pair\/"]}]},{"@type":"ImageObject","inLanguage":"en-US","@id":"https:\/\/www.jtcom.de\/en\/timetable\/event\/german-for-au-pair\/#primaryimage","url":"https:\/\/www.jtcom.de\/wp-content\/uploads\/2018\/05\/jt-kursi-de-aupair-1.jpg","contentUrl":"https:\/\/www.jtcom.de\/wp-content\/uploads\/2018\/05\/jt-kursi-de-aupair-1.jpg","width":1920,"height":1080,"caption":"Deutsch f\u00fcr Au-Pair"},{"@type":"BreadcrumbList","@id":"https:\/\/www.jtcom.de\/en\/timetable\/event\/german-for-au-pair\/#breadcrumb","itemListElement":[{"@type":"ListItem","position":1,"name":"Startseite","item":"https:\/\/www.jtcom.de\/en\/"},{"@type":"ListItem","position":2,"name":"Shop","item":"https:\/\/www.jtcom.de\/en\/shop\/"},{"@type":"ListItem","position":3,"name":"German for Au-Pair"}]},{"@type":"WebSite","@id":"https:\/\/www.jtcom.de\/en\/#website","url":"https:\/\/www.jtcom.de\/en\/","name":"Sprachschule in Clausthal-Zellerfeld","description":"JTcom Sprachschule Clausthal-Zellerfeld. Deutsch, Englisch, intensiv in Minigruppen, individuell und online.","potentialAction":[{"@type":"SearchAction","target":{"@type":"EntryPoint","urlTemplate":"https:\/\/www.jtcom.de\/en\/?s={search_term_string}"},"query-input":{"@type":"PropertyValueSpecification","valueRequired":true,"valueName":"search_term_string"}}],"inLanguage":"en-US"}]}},"_links":{"self":[{"href":"https:\/\/www.jtcom.de\/en\/wp-json\/wp\/v2\/product\/517","targetHints":{"allow":["GET"]}}],"collection":[{"href":"https:\/\/www.jtcom.de\/en\/wp-json\/wp\/v2\/product"}],"about":[{"href":"https:\/\/www.jtcom.de\/en\/wp-json\/wp\/v2\/types\/product"}],"replies":[{"embeddable":true,"href":"https:\/\/www.jtcom.de\/en\/wp-json\/wp\/v2\/comments?post=517"}],"wp:featuredmedia":[{"embeddable":true,"href":"https:\/\/www.jtcom.de\/en\/wp-json\/wp\/v2\/media\/712"}],"wp:attachment":[{"href":"https:\/\/www.jtcom.de\/en\/wp-json\/wp\/v2\/media?parent=517"}],"wp:term":[{"taxonomy":"product_brand","embeddable":true,"href":"https:\/\/www.jtcom.de\/en\/wp-json\/wp\/v2\/product_brand?post=517"},{"taxonomy":"product_cat","embeddable":true,"href":"https:\/\/www.jtcom.de\/en\/wp-json\/wp\/v2\/product_cat?post=517"},{"taxonomy":"product_tag","embeddable":true,"href":"https:\/\/www.jtcom.de\/en\/wp-json\/wp\/v2\/product_tag?post=517"}],"curies":[{"name":"wp","href":"https:\/\/api.w.org\/{rel}","templated":true}]}}