{"id":229,"date":"2018-02-28T11:03:12","date_gmt":"2018-02-28T23:35:35","guid":{"rendered":"https:\/\/www.jtcom.de\/?post_type=product&#038;p=229"},"modified":"2023-01-11T18:36:22","modified_gmt":"2023-01-11T17:36:22","slug":"online-german-intensive-blitz-mini-groups","status":"publish","type":"product","link":"https:\/\/www.jtcom.de\/en\/timetable\/event\/online-german-intensive-blitz-mini-groups\/","title":{"rendered":"German intensive A1 <br> German for beginners"},"content":{"rendered":"<p>This course is aimed at those who are willing to learn efficiently and very fast.<\/p>\n<p>&nbsp;<\/p>\n<p><strong><u>Targets:<\/u><\/strong><\/p>\n<ul>\n<li>To obtain initial knowledge of German for every day communication<\/li>\n<li>To set basis for later studying in Germany<\/li>\n<li>To prepare for life and work in Germany<\/li>\n<\/ul>\n<p>&nbsp;<\/p>\n<p><strong><u>Some of the topics covered:<\/u><\/strong><\/p>\n<p>ABC<\/p>\n<p>Reading rules<\/p>\n<p>Pronouns<\/p>\n<p>Verbs<\/p>\n<p>Present Tense<\/p>\n<p>\u201cStrong\u201d &amp; \u201cWeak\u201d verbs<\/p>\n<p>Possessive pronouns<\/p>\n<p>Figures<\/p>\n<p>Negation<\/p>\n<p>Sentence structure<\/p>\n<p>Questions<\/p>\n<p>Prefix<\/p>\n<p>Past tense<\/p>\n<p>Family<\/p>\n<p>Professions<\/p>\n<p>Countries<\/p>\n<p>Leisure and hobbies<\/p>\n<p>Daily routine<\/p>\n<p>Eating out<\/p>\n<p>Shopping<\/p>\n<p>Health<\/p>\n<p>Etc<\/p>\n<p>&nbsp;<\/p>\n<p><strong><u>Start<\/u><\/strong><strong>:<\/strong><\/p>\n<p>Every month<\/p>\n<p><strong><u>Duration:<\/u><\/strong><\/p>\n<p>8 weeks &#8211; 32 lessons (beginning from 6 persons)<\/p>\n<p>(120 academic hours \u00e0 45 min)<\/p>\n<p>possible as morning, afternoon or evening course<\/p>\n<p><strong><u>Target<\/u><\/strong><strong><u>:<\/u><\/strong><\/p>\n<p>A1<\/p>\n<p><strong>Price: 800\u20ac <\/strong><\/p>\n<p><strong>*380\u20ac<\/strong> for low-income groups like students, unemployed etc<\/p>\n<p>Individual lessons possible upon request<\/p>\n","protected":false},"excerpt":{"rendered":"<p>Mini-groups or individual lessons<br \/>\n8 weeks &#8211; 32 lessons (beginning from 6 persons)<br \/>\n(120 academic hours \u00e0 45 min)<br \/>\nTarget: A1<br \/>\nSolid basic skills<\/p>\n<p><strong>650\u20ac<\/strong><\/p>\n","protected":false},"featured_media":194,"comment_status":"open","ping_status":"closed","template":"","meta":[],"product_brand":[],"product_cat":[19,26],"product_tag":[],"class_list":{"0":"post-229","1":"product","2":"type-product","3":"status-publish","4":"has-post-thumbnail","6":"product_cat-german","7":"product_cat-german-intensive-courses-hannover","9":"first","10":"instock","11":"virtual","12":"sold-individually","13":"purchasable","14":"product-type-simple"},"yoast_head":"<!-- This site is optimized with the Yoast SEO plugin v27.3 - https:\/\/yoast.com\/product\/yoast-seo-wordpress\/ -->\n<title>Deutsch Intensivkurs A1 - JTCom Sprachschule Clausthal-Zellerfeld<\/title>\n<meta name=\"description\" content=\"M\u00f6chten Sie Deutsch als Fremdsprache in Deutschland intensiv lernen? Dann ist unser Deutsch Intensivkurs A1 f\u00fcr Anf\u00e4nger genau das Richtige f\u00fcr Sie!\" \/>\n<meta name=\"robots\" content=\"index, follow, max-snippet:-1, max-image-preview:large, max-video-preview:-1\" \/>\n<link rel=\"canonical\" href=\"https:\/\/www.jtcom.de\/en\/timetable\/event\/online-german-intensive-blitz-mini-groups\/\" \/>\n<meta property=\"og:locale\" content=\"en_US\" \/>\n<meta property=\"og:type\" content=\"article\" \/>\n<meta property=\"og:title\" content=\"Deutsch Intensivkurs A1 - JTCom Sprachschule Clausthal-Zellerfeld\" \/>\n<meta property=\"og:description\" content=\"M\u00f6chten Sie Deutsch als Fremdsprache in Deutschland intensiv lernen? Dann ist unser Deutsch Intensivkurs A1 f\u00fcr Anf\u00e4nger genau das Richtige f\u00fcr Sie!\" \/>\n<meta property=\"og:url\" content=\"https:\/\/www.jtcom.de\/en\/timetable\/event\/online-german-intensive-blitz-mini-groups\/\" \/>\n<meta property=\"og:site_name\" content=\"Sprachschule in Clausthal-Zellerfeld\" \/>\n<meta property=\"article:modified_time\" content=\"2023-01-11T17:36:22+00:00\" \/>\n<meta property=\"og:image\" content=\"https:\/\/www.jtcom.de\/wp-content\/uploads\/2018\/02\/jt-kursi-blitz.jpg\" \/>\n\t<meta property=\"og:image:width\" content=\"1920\" \/>\n\t<meta property=\"og:image:height\" content=\"1080\" \/>\n\t<meta property=\"og:image:type\" content=\"image\/jpeg\" \/>\n<meta name=\"twitter:card\" content=\"summary_large_image\" \/>\n<meta name=\"twitter:label1\" content=\"Est. reading time\" \/>\n\t<meta name=\"twitter:data1\" content=\"1 minute\" \/>\n<script type=\"application\/ld+json\" class=\"yoast-schema-graph\">{\"@context\":\"https:\\\/\\\/schema.org\",\"@graph\":[{\"@type\":\"WebPage\",\"@id\":\"https:\\\/\\\/www.jtcom.de\\\/en\\\/timetable\\\/event\\\/online-german-intensive-blitz-mini-groups\\\/\",\"url\":\"https:\\\/\\\/www.jtcom.de\\\/en\\\/timetable\\\/event\\\/online-german-intensive-blitz-mini-groups\\\/\",\"name\":\"Deutsch Intensivkurs A1 - JTCom Sprachschule Clausthal-Zellerfeld\",\"isPartOf\":{\"@id\":\"https:\\\/\\\/www.jtcom.de\\\/en\\\/#website\"},\"primaryImageOfPage\":{\"@id\":\"https:\\\/\\\/www.jtcom.de\\\/en\\\/timetable\\\/event\\\/online-german-intensive-blitz-mini-groups\\\/#primaryimage\"},\"image\":{\"@id\":\"https:\\\/\\\/www.jtcom.de\\\/en\\\/timetable\\\/event\\\/online-german-intensive-blitz-mini-groups\\\/#primaryimage\"},\"thumbnailUrl\":\"https:\\\/\\\/www.jtcom.de\\\/wp-content\\\/uploads\\\/2018\\\/02\\\/jt-kursi-blitz.jpg\",\"datePublished\":\"2018-02-28T23:35:35+00:00\",\"dateModified\":\"2023-01-11T17:36:22+00:00\",\"description\":\"M\u00f6chten Sie Deutsch als Fremdsprache in Deutschland intensiv lernen? Dann ist unser Deutsch Intensivkurs A1 f\u00fcr Anf\u00e4nger genau das Richtige f\u00fcr Sie!\",\"breadcrumb\":{\"@id\":\"https:\\\/\\\/www.jtcom.de\\\/en\\\/timetable\\\/event\\\/online-german-intensive-blitz-mini-groups\\\/#breadcrumb\"},\"inLanguage\":\"en-US\",\"potentialAction\":[{\"@type\":\"ReadAction\",\"target\":[\"https:\\\/\\\/www.jtcom.de\\\/en\\\/timetable\\\/event\\\/online-german-intensive-blitz-mini-groups\\\/\"]}]},{\"@type\":\"ImageObject\",\"inLanguage\":\"en-US\",\"@id\":\"https:\\\/\\\/www.jtcom.de\\\/en\\\/timetable\\\/event\\\/online-german-intensive-blitz-mini-groups\\\/#primaryimage\",\"url\":\"https:\\\/\\\/www.jtcom.de\\\/wp-content\\\/uploads\\\/2018\\\/02\\\/jt-kursi-blitz.jpg\",\"contentUrl\":\"https:\\\/\\\/www.jtcom.de\\\/wp-content\\\/uploads\\\/2018\\\/02\\\/jt-kursi-blitz.jpg\",\"width\":1920,\"height\":1080,\"caption\":\"Deutsch Intensivkurs A1\"},{\"@type\":\"BreadcrumbList\",\"@id\":\"https:\\\/\\\/www.jtcom.de\\\/en\\\/timetable\\\/event\\\/online-german-intensive-blitz-mini-groups\\\/#breadcrumb\",\"itemListElement\":[{\"@type\":\"ListItem\",\"position\":1,\"name\":\"Startseite\",\"item\":\"https:\\\/\\\/www.jtcom.de\\\/en\\\/\"},{\"@type\":\"ListItem\",\"position\":2,\"name\":\"Shop\",\"item\":\"https:\\\/\\\/www.jtcom.de\\\/en\\\/shop\\\/\"},{\"@type\":\"ListItem\",\"position\":3,\"name\":\"German intensive A1 German for beginners\"}]},{\"@type\":\"WebSite\",\"@id\":\"https:\\\/\\\/www.jtcom.de\\\/en\\\/#website\",\"url\":\"https:\\\/\\\/www.jtcom.de\\\/en\\\/\",\"name\":\"Sprachschule in Clausthal-Zellerfeld\",\"description\":\"JTcom Sprachschule Clausthal-Zellerfeld. Deutsch, Englisch, intensiv in Minigruppen, individuell und online.\",\"potentialAction\":[{\"@type\":\"SearchAction\",\"target\":{\"@type\":\"EntryPoint\",\"urlTemplate\":\"https:\\\/\\\/www.jtcom.de\\\/en\\\/?s={search_term_string}\"},\"query-input\":{\"@type\":\"PropertyValueSpecification\",\"valueRequired\":true,\"valueName\":\"search_term_string\"}}],\"inLanguage\":\"en-US\"}]}<\/script>\n<!-- \/ Yoast SEO plugin. -->","yoast_head_json":{"title":"Deutsch Intensivkurs A1 - JTCom Sprachschule Clausthal-Zellerfeld","description":"M\u00f6chten Sie Deutsch als Fremdsprache in Deutschland intensiv lernen? Dann ist unser Deutsch Intensivkurs A1 f\u00fcr Anf\u00e4nger genau das Richtige f\u00fcr Sie!","robots":{"index":"index","follow":"follow","max-snippet":"max-snippet:-1","max-image-preview":"max-image-preview:large","max-video-preview":"max-video-preview:-1"},"canonical":"https:\/\/www.jtcom.de\/en\/timetable\/event\/online-german-intensive-blitz-mini-groups\/","og_locale":"en_US","og_type":"article","og_title":"Deutsch Intensivkurs A1 - JTCom Sprachschule Clausthal-Zellerfeld","og_description":"M\u00f6chten Sie Deutsch als Fremdsprache in Deutschland intensiv lernen? Dann ist unser Deutsch Intensivkurs A1 f\u00fcr Anf\u00e4nger genau das Richtige f\u00fcr Sie!","og_url":"https:\/\/www.jtcom.de\/en\/timetable\/event\/online-german-intensive-blitz-mini-groups\/","og_site_name":"Sprachschule in Clausthal-Zellerfeld","article_modified_time":"2023-01-11T17:36:22+00:00","og_image":[{"width":1920,"height":1080,"url":"https:\/\/www.jtcom.de\/wp-content\/uploads\/2018\/02\/jt-kursi-blitz.jpg","type":"image\/jpeg"}],"twitter_card":"summary_large_image","twitter_misc":{"Est. reading time":"1 minute"},"schema":{"@context":"https:\/\/schema.org","@graph":[{"@type":"WebPage","@id":"https:\/\/www.jtcom.de\/en\/timetable\/event\/online-german-intensive-blitz-mini-groups\/","url":"https:\/\/www.jtcom.de\/en\/timetable\/event\/online-german-intensive-blitz-mini-groups\/","name":"Deutsch Intensivkurs A1 - JTCom Sprachschule Clausthal-Zellerfeld","isPartOf":{"@id":"https:\/\/www.jtcom.de\/en\/#website"},"primaryImageOfPage":{"@id":"https:\/\/www.jtcom.de\/en\/timetable\/event\/online-german-intensive-blitz-mini-groups\/#primaryimage"},"image":{"@id":"https:\/\/www.jtcom.de\/en\/timetable\/event\/online-german-intensive-blitz-mini-groups\/#primaryimage"},"thumbnailUrl":"https:\/\/www.jtcom.de\/wp-content\/uploads\/2018\/02\/jt-kursi-blitz.jpg","datePublished":"2018-02-28T23:35:35+00:00","dateModified":"2023-01-11T17:36:22+00:00","description":"M\u00f6chten Sie Deutsch als Fremdsprache in Deutschland intensiv lernen? Dann ist unser Deutsch Intensivkurs A1 f\u00fcr Anf\u00e4nger genau das Richtige f\u00fcr Sie!","breadcrumb":{"@id":"https:\/\/www.jtcom.de\/en\/timetable\/event\/online-german-intensive-blitz-mini-groups\/#breadcrumb"},"inLanguage":"en-US","potentialAction":[{"@type":"ReadAction","target":["https:\/\/www.jtcom.de\/en\/timetable\/event\/online-german-intensive-blitz-mini-groups\/"]}]},{"@type":"ImageObject","inLanguage":"en-US","@id":"https:\/\/www.jtcom.de\/en\/timetable\/event\/online-german-intensive-blitz-mini-groups\/#primaryimage","url":"https:\/\/www.jtcom.de\/wp-content\/uploads\/2018\/02\/jt-kursi-blitz.jpg","contentUrl":"https:\/\/www.jtcom.de\/wp-content\/uploads\/2018\/02\/jt-kursi-blitz.jpg","width":1920,"height":1080,"caption":"Deutsch Intensivkurs A1"},{"@type":"BreadcrumbList","@id":"https:\/\/www.jtcom.de\/en\/timetable\/event\/online-german-intensive-blitz-mini-groups\/#breadcrumb","itemListElement":[{"@type":"ListItem","position":1,"name":"Startseite","item":"https:\/\/www.jtcom.de\/en\/"},{"@type":"ListItem","position":2,"name":"Shop","item":"https:\/\/www.jtcom.de\/en\/shop\/"},{"@type":"ListItem","position":3,"name":"German intensive A1 German for beginners"}]},{"@type":"WebSite","@id":"https:\/\/www.jtcom.de\/en\/#website","url":"https:\/\/www.jtcom.de\/en\/","name":"Sprachschule in Clausthal-Zellerfeld","description":"JTcom Sprachschule Clausthal-Zellerfeld. Deutsch, Englisch, intensiv in Minigruppen, individuell und online.","potentialAction":[{"@type":"SearchAction","target":{"@type":"EntryPoint","urlTemplate":"https:\/\/www.jtcom.de\/en\/?s={search_term_string}"},"query-input":{"@type":"PropertyValueSpecification","valueRequired":true,"valueName":"search_term_string"}}],"inLanguage":"en-US"}]}},"_links":{"self":[{"href":"https:\/\/www.jtcom.de\/en\/wp-json\/wp\/v2\/product\/229","targetHints":{"allow":["GET"]}}],"collection":[{"href":"https:\/\/www.jtcom.de\/en\/wp-json\/wp\/v2\/product"}],"about":[{"href":"https:\/\/www.jtcom.de\/en\/wp-json\/wp\/v2\/types\/product"}],"replies":[{"embeddable":true,"href":"https:\/\/www.jtcom.de\/en\/wp-json\/wp\/v2\/comments?post=229"}],"wp:featuredmedia":[{"embeddable":true,"href":"https:\/\/www.jtcom.de\/en\/wp-json\/wp\/v2\/media\/194"}],"wp:attachment":[{"href":"https:\/\/www.jtcom.de\/en\/wp-json\/wp\/v2\/media?parent=229"}],"wp:term":[{"taxonomy":"product_brand","embeddable":true,"href":"https:\/\/www.jtcom.de\/en\/wp-json\/wp\/v2\/product_brand?post=229"},{"taxonomy":"product_cat","embeddable":true,"href":"https:\/\/www.jtcom.de\/en\/wp-json\/wp\/v2\/product_cat?post=229"},{"taxonomy":"product_tag","embeddable":true,"href":"https:\/\/www.jtcom.de\/en\/wp-json\/wp\/v2\/product_tag?post=229"}],"curies":[{"name":"wp","href":"https:\/\/api.w.org\/{rel}","templated":true}]}}